{"id":22,"date":"2023-12-05T11:04:12","date_gmt":"2023-12-05T11:04:12","guid":{"rendered":"https:\/\/b88ep6bjdmh.preview.infomaniak.website\/?page_id=22"},"modified":"2023-12-19T11:24:38","modified_gmt":"2023-12-19T11:24:38","slug":"nos-engagements","status":"publish","type":"page","link":"https:\/\/tero2.test.lumisys.eu\/fr\/nos-engagements\/","title":{"rendered":"Nos engagements"},"content":{"rendered":"\t\t<div data-elementor-type=\"wp-page\" data-elementor-id=\"22\" class=\"elementor elementor-22\" data-elementor-post-type=\"page\">\n\t\t\t\t<div class=\"elementor-element elementor-element-34c6bcd e-flex e-con-boxed e-con e-parent\" data-id=\"34c6bcd\" data-element_type=\"container\" data-e-type=\"container\" data-settings=\"{&quot;jet_parallax_layout_list&quot;:[]}\">\n\t\t\t\t\t<div class=\"e-con-inner\">\n\t\t<div class=\"elementor-element elementor-element-288187e e-flex e-con-boxed e-con e-child\" data-id=\"288187e\" data-element_type=\"container\" data-e-type=\"container\" data-settings=\"{&quot;jet_parallax_layout_list&quot;:[]}\">\n\t\t\t\t\t<div class=\"e-con-inner\">\n\t\t<div class=\"elementor-element elementor-element-5905686 e-flex e-con-boxed e-con e-child\" data-id=\"5905686\" data-element_type=\"container\" data-e-type=\"container\" data-settings=\"{&quot;jet_parallax_layout_list&quot;:[]}\">\n\t\t\t\t\t<div class=\"e-con-inner\">\n\t\t\t\t<div class=\"elementor-element elementor-element-1be5ea9 elementor-widget__width-initial elementor-widget elementor-widget-heading\" data-id=\"1be5ea9\" data-element_type=\"widget\" data-e-type=\"widget\" data-widget_type=\"heading.default\">\n\t\t\t\t<div class=\"elementor-widget-container\">\n\t\t\t\t\t<h2 class=\"elementor-heading-title elementor-size-default\">Ambiances joyeuses, plaisirs au naturel<\/h2>\t\t\t\t<\/div>\n\t\t\t\t<\/div>\n\t\t\t\t<div class=\"elementor-element elementor-element-7b057cb elementor-widget elementor-widget-text-editor\" data-id=\"7b057cb\" data-element_type=\"widget\" data-e-type=\"widget\" data-widget_type=\"text-editor.default\">\n\t\t\t\t<div class=\"elementor-widget-container\">\n\t\t\t\t\t\t\t\t\t<p>C\u2019est l\u2019alliance de trois univers : les restaurants bistronomiques Tero, les g\u00eetes et activit\u00e9s hors du commun organis\u00e9es par Tero Team Building (ex-People First) et l\u2019ambiance festive du Knokke Out. Trois \u00e9nergies compl\u00e9mentaires, qui s\u2019accordent d\u00e9sormais sur des rythmes festifs et une attention port\u00e9e \u00e0 la durabilit\u00e9.<\/p>\t\t\t\t\t\t\t\t<\/div>\n\t\t\t\t<\/div>\n\t\t\t\t\t<\/div>\n\t\t\t\t<\/div>\n\t\t\t\t\t<\/div>\n\t\t\t\t<\/div>\n\t\t\t\t\t<\/div>\n\t\t\t\t<\/div>\n\t\t<div class=\"elementor-element elementor-element-5887655 e-flex e-con-boxed e-con e-parent\" data-id=\"5887655\" data-element_type=\"container\" data-e-type=\"container\" data-settings=\"{&quot;jet_parallax_layout_list&quot;:[]}\">\n\t\t\t\t\t<div class=\"e-con-inner\">\n\t\t<div class=\"elementor-element elementor-element-1b53354 e-con-full e-flex e-con e-child\" data-id=\"1b53354\" data-element_type=\"container\" data-e-type=\"container\" data-settings=\"{&quot;jet_parallax_layout_list&quot;:[]}\">\n\t\t\t\t<div class=\"elementor-element elementor-element-41a86f5 elementor-widget elementor-widget-image\" data-id=\"41a86f5\" data-element_type=\"widget\" data-e-type=\"widget\" data-widget_type=\"image.default\">\n\t\t\t\t<div class=\"elementor-widget-container\">\n\t\t\t\t\t\t\t\t\t\t\t\t\t\t\t<img fetchpriority=\"high\" decoding=\"async\" width=\"1024\" height=\"684\" src=\"https:\/\/tero2.test.lumisys.eu\/wp-content\/uploads\/2023\/12\/PSX_20220905_174344-1024x684-1.webp\" class=\"attachment-full size-full wp-image-964\" alt=\"\" srcset=\"https:\/\/tero2.test.lumisys.eu\/wp-content\/uploads\/2023\/12\/PSX_20220905_174344-1024x684-1.webp 1024w, https:\/\/tero2.test.lumisys.eu\/wp-content\/uploads\/2023\/12\/PSX_20220905_174344-1024x684-1-300x200.webp 300w, https:\/\/tero2.test.lumisys.eu\/wp-content\/uploads\/2023\/12\/PSX_20220905_174344-1024x684-1-768x513.webp 768w\" sizes=\"(max-width: 1024px) 100vw, 1024px\" \/>\t\t\t\t\t\t\t\t\t\t\t\t\t\t\t<\/div>\n\t\t\t\t<\/div>\n\t\t\t\t<\/div>\n\t\t<div class=\"elementor-element elementor-element-111a509 e-con-full e-flex e-con e-child\" data-id=\"111a509\" data-element_type=\"container\" data-e-type=\"container\" data-settings=\"{&quot;jet_parallax_layout_list&quot;:[]}\">\n\t\t\t\t<div class=\"elementor-element elementor-element-bdaf589 elementor-widget elementor-widget-heading\" data-id=\"bdaf589\" data-element_type=\"widget\" data-e-type=\"widget\" data-widget_type=\"heading.default\">\n\t\t\t\t<div class=\"elementor-widget-container\">\n\t\t\t\t\t<h2 class=\"elementor-heading-title elementor-size-default\">Le rapprochement de deux fr\u00e8res<\/h2>\t\t\t\t<\/div>\n\t\t\t\t<\/div>\n\t\t\t\t<div class=\"elementor-element elementor-element-40452fe elementor-widget elementor-widget-text-editor\" data-id=\"40452fe\" data-element_type=\"widget\" data-e-type=\"widget\" data-widget_type=\"text-editor.default\">\n\t\t\t\t<div class=\"elementor-widget-container\">\n\t\t\t\t\t\t\t\t\t<p>Derri\u00e8re Tero, on retrouve deux fr\u00e8res : Arthur et Nicolas Lhoist. Si chacun a men\u00e9 sa propre barque entrepreneuriale, tous deux ont toujours eu \u00e0 c\u0153ur de suivre l\u2019\u00e9volution de l\u2019autre.<\/p><p>Officialis\u00e9 en 2022, le rapprochement entre leurs soci\u00e9t\u00e9s fait plus que sens. Un m\u00eame souci port\u00e9 \u00e0 l\u2019humain, une volont\u00e9 de se challenger, d\u2019\u00eatre plus fort ensemble pour voir plus loin.<\/p><p>No stress, on ne change pas des formules qui plaisent ! Chez Tero, il y aura toujours des assiettes gastronomiques \u00e0 partager. Au Knokke Out, on continuera de se retrouver le weekend autour d\u2019un buffet \u00e0 volont\u00e9, avant de mettre le feu sur la piste de danse. Et notre \u00e9quipe de Tero Team Building (ex-People First) se coupera toujours en quatre pour vous organiser des team buildings en \u00e9quipe hors du commun!<\/p><p>L\u2019un va laisser infuser des id\u00e9es d\u2019impact soci\u00e9tal et environnemental chez l\u2019autre. Il se laissera l\u00e9g\u00e8rement s\u2019encanailler en retour. Et c\u2019est tant mieux!<\/p><p>Nos \u00e9quipes ne font d\u00e9sormais plus qu\u2019un. Toujours avec cette m\u00eame envie de se d\u00e9carcasser pour vous et de vous faire vivre des moments de partage hors du temps.<\/p>\t\t\t\t\t\t\t\t<\/div>\n\t\t\t\t<\/div>\n\t\t\t\t<\/div>\n\t\t\t\t\t<\/div>\n\t\t\t\t<\/div>\n\t\t<div class=\"elementor-element elementor-element-70a4e1b e-con-full full-width-img e-flex e-con e-parent\" data-id=\"70a4e1b\" data-element_type=\"container\" data-e-type=\"container\" data-settings=\"{&quot;background_background&quot;:&quot;classic&quot;,&quot;jet_parallax_layout_list&quot;:[]}\">\n\t\t<div class=\"elementor-element elementor-element-ce3c25a e-flex e-con-boxed e-con e-child\" data-id=\"ce3c25a\" data-element_type=\"container\" data-e-type=\"container\" data-settings=\"{&quot;jet_parallax_layout_list&quot;:[]}\">\n\t\t\t\t\t<div class=\"e-con-inner\">\n\t\t<div class=\"elementor-element elementor-element-153c927 e-flex e-con-boxed e-con e-child\" data-id=\"153c927\" data-element_type=\"container\" data-e-type=\"container\" data-settings=\"{&quot;jet_parallax_layout_list&quot;:[]}\">\n\t\t\t\t\t<div class=\"e-con-inner\">\n\t\t\t\t<div class=\"elementor-element elementor-element-3e14684 elementor-widget elementor-widget-heading\" data-id=\"3e14684\" data-element_type=\"widget\" data-e-type=\"widget\" data-widget_type=\"heading.default\">\n\t\t\t\t<div class=\"elementor-widget-container\">\n\t\t\t\t\t<h2 class=\"elementor-heading-title elementor-size-default\">Tero, l\u00e0 o\u00f9 le bon prend racine<\/h2>\t\t\t\t<\/div>\n\t\t\t\t<\/div>\n\t\t\t\t<div class=\"elementor-element elementor-element-04afa39 elementor-widget elementor-widget-text-editor\" data-id=\"04afa39\" data-element_type=\"widget\" data-e-type=\"widget\" data-widget_type=\"text-editor.default\">\n\t\t\t\t<div class=\"elementor-widget-container\">\n\t\t\t\t\t\t\t\t\t<p>Tero signifie \u201cterre\u201d en esp\u00e9ranto. Une r\u00e9f\u00e9rence \u00e0 l\u2019id\u00e9e du terreau, au rapport \u00e0 la terre et \u00e0 l\u2019environnement. Tero, ou comment r\u00e9sumer en deux mots l\u2019envie folle d\u2019avoir de l\u2019impact soci\u00e9tal et environnemental. De prendre soin de l\u2019homme et de la terre, pour leur rendre au centuple ce qu\u2019ils nous donnent.<\/p>\t\t\t\t\t\t\t\t<\/div>\n\t\t\t\t<\/div>\n\t\t\t\t\t<\/div>\n\t\t\t\t<\/div>\n\t\t\t\t\t<\/div>\n\t\t\t\t<\/div>\n\t\t\t\t<\/div>\n\t\t<div class=\"elementor-element elementor-element-1ea2161 e-flex e-con-boxed e-con e-parent\" data-id=\"1ea2161\" data-element_type=\"container\" data-e-type=\"container\" data-settings=\"{&quot;jet_parallax_layout_list&quot;:[]}\">\n\t\t\t\t\t<div class=\"e-con-inner\">\n\t\t<div class=\"elementor-element elementor-element-8cb7b2f e-con-full e-flex e-con e-child\" data-id=\"8cb7b2f\" data-element_type=\"container\" data-e-type=\"container\" data-settings=\"{&quot;jet_parallax_layout_list&quot;:[]}\">\n\t\t\t\t<div class=\"elementor-element elementor-element-cc2571f elementor-widget elementor-widget-image\" data-id=\"cc2571f\" data-element_type=\"widget\" data-e-type=\"widget\" data-widget_type=\"image.default\">\n\t\t\t\t<div class=\"elementor-widget-container\">\n\t\t\t\t\t\t\t\t\t\t\t\t\t\t\t<img decoding=\"async\" width=\"1024\" height=\"678\" src=\"https:\/\/tero2.test.lumisys.eu\/wp-content\/uploads\/2023\/12\/IMG_9977-2-1024x678-1.webp\" class=\"attachment-full size-full wp-image-1025\" alt=\"\" srcset=\"https:\/\/tero2.test.lumisys.eu\/wp-content\/uploads\/2023\/12\/IMG_9977-2-1024x678-1.webp 1024w, https:\/\/tero2.test.lumisys.eu\/wp-content\/uploads\/2023\/12\/IMG_9977-2-1024x678-1-300x199.webp 300w, https:\/\/tero2.test.lumisys.eu\/wp-content\/uploads\/2023\/12\/IMG_9977-2-1024x678-1-768x509.webp 768w\" sizes=\"(max-width: 1024px) 100vw, 1024px\" \/>\t\t\t\t\t\t\t\t\t\t\t\t\t\t\t<\/div>\n\t\t\t\t<\/div>\n\t\t\t\t<\/div>\n\t\t<div class=\"elementor-element elementor-element-bc5db4c e-con-full e-flex e-con e-child\" data-id=\"bc5db4c\" data-element_type=\"container\" data-e-type=\"container\" data-settings=\"{&quot;jet_parallax_layout_list&quot;:[]}\">\n\t\t\t\t<div class=\"elementor-element elementor-element-ec7004d elementor-widget elementor-widget-heading\" data-id=\"ec7004d\" data-element_type=\"widget\" data-e-type=\"widget\" data-widget_type=\"heading.default\">\n\t\t\t\t<div class=\"elementor-widget-container\">\n\t\t\t\t\t<h2 class=\"elementor-heading-title elementor-size-default\">En route vers une soci\u00e9t\u00e9 \u00e0 impact positif<\/h2>\t\t\t\t<\/div>\n\t\t\t\t<\/div>\n\t\t\t\t<div class=\"elementor-element elementor-element-f351cea elementor-widget elementor-widget-text-editor\" data-id=\"f351cea\" data-element_type=\"widget\" data-e-type=\"widget\" data-widget_type=\"text-editor.default\">\n\t\t\t\t<div class=\"elementor-widget-container\">\n\t\t\t\t\t\t\t\t\t<p>Chez Tero, nous sommes une bande de joyeux optimistes et chaque pas dans la bonne direction nous rapproche de plus en plus de notre objectif de devenir une soci\u00e9t\u00e9 responsable et durable.\u00a0<\/p><p>Penser chacun de nos projets sous l\u2019angle de la durabilit\u00e9 et de l\u2019impact soci\u00e9tal, voil\u00e0 ce qui nous anime toujours plus. Parce qu\u2019une plan\u00e8te, on n\u2019en a qu\u2019une. Et qu\u2019il est plus que temps d\u2019en prendre soin.<\/p>\t\t\t\t\t\t\t\t<\/div>\n\t\t\t\t<\/div>\n\t\t\t\t<\/div>\n\t\t\t\t\t<\/div>\n\t\t\t\t<\/div>\n\t\t<div class=\"elementor-element elementor-element-34ff82e e-flex e-con-boxed e-con e-parent\" data-id=\"34ff82e\" data-element_type=\"container\" data-e-type=\"container\" data-settings=\"{&quot;jet_parallax_layout_list&quot;:[]}\">\n\t\t\t\t\t<div class=\"e-con-inner\">\n\t\t<div class=\"elementor-element elementor-element-fb66b8b e-con-full e-flex e-con e-child\" data-id=\"fb66b8b\" data-element_type=\"container\" data-e-type=\"container\" data-settings=\"{&quot;jet_parallax_layout_list&quot;:[]}\">\n\t\t\t\t<div class=\"elementor-element elementor-element-d8ebc31 elementor-widget elementor-widget-image\" data-id=\"d8ebc31\" data-element_type=\"widget\" data-e-type=\"widget\" data-widget_type=\"image.default\">\n\t\t\t\t<div class=\"elementor-widget-container\">\n\t\t\t\t\t\t\t\t\t\t\t\t\t\t\t<img decoding=\"async\" width=\"1024\" height=\"682\" src=\"https:\/\/tero2.test.lumisys.eu\/wp-content\/uploads\/2023\/12\/IMG_3152-1024x682-1.jpg\" class=\"attachment-full size-full wp-image-1038\" alt=\"\" srcset=\"https:\/\/tero2.test.lumisys.eu\/wp-content\/uploads\/2023\/12\/IMG_3152-1024x682-1.jpg 1024w, https:\/\/tero2.test.lumisys.eu\/wp-content\/uploads\/2023\/12\/IMG_3152-1024x682-1-300x200.jpg 300w, https:\/\/tero2.test.lumisys.eu\/wp-content\/uploads\/2023\/12\/IMG_3152-1024x682-1-768x512.jpg 768w\" sizes=\"(max-width: 1024px) 100vw, 1024px\" \/>\t\t\t\t\t\t\t\t\t\t\t\t\t\t\t<\/div>\n\t\t\t\t<\/div>\n\t\t\t\t<\/div>\n\t\t<div class=\"elementor-element elementor-element-7b11d7e e-con-full e-flex e-con e-child\" data-id=\"7b11d7e\" data-element_type=\"container\" data-e-type=\"container\" data-settings=\"{&quot;jet_parallax_layout_list&quot;:[]}\">\n\t\t\t\t<div class=\"elementor-element elementor-element-35d1986 elementor-widget elementor-widget-heading\" data-id=\"35d1986\" data-element_type=\"widget\" data-e-type=\"widget\" data-widget_type=\"heading.default\">\n\t\t\t\t<div class=\"elementor-widget-container\">\n\t\t\t\t\t<h2 class=\"elementor-heading-title elementor-size-default\">De premi\u00e8res actions<\/h2>\t\t\t\t<\/div>\n\t\t\t\t<\/div>\n\t\t\t\t<div class=\"elementor-element elementor-element-b8a3391 elementor-widget elementor-widget-text-editor\" data-id=\"b8a3391\" data-element_type=\"widget\" data-e-type=\"widget\" data-widget_type=\"text-editor.default\">\n\t\t\t\t<div class=\"elementor-widget-container\">\n\t\t\t\t\t\t\t\t\t<p>Les intentions sont belles, mais rien ne vaut l\u2019action. Zoom sur quelques changements d\u00e9j\u00e0 mis en place pour davantage de solidarit\u00e9 et d\u2019\u00e9cologie :\u00a0<\/p><ul><li aria-level=\"1\">partenariat avec <a href=\"https:\/\/www.tapioview.com\/\" target=\"_blank\" rel=\"noopener\">Tapio<\/a> (audit carbone et CO2) et <a href=\"https:\/\/www.shayp.com\/fr\/\" target=\"_blank\" rel=\"noopener\">Shayp<\/a> (meilleure gestion de l\u2019eau dans les sites du groupe)<\/li><li aria-level=\"1\">\u00a0choix de produits lavants naturels pour tous nos g\u00eetes et restaurants. Ils sont confectionn\u00e9s par\u00a0 <a href=\"https:\/\/habeebee.be\/\" target=\"_blank\" rel=\"noopener\">Habeebee<\/a>, savonnerie artisanale au projet d\u2019apiculture.<\/li><li aria-level=\"1\">organisation de team buildings pour des associations et \u00e9coles d\u2019enfants en situation de handicap<\/li><li aria-level=\"1\">\u00a0acquisition d\u2019un fauteuil de plage pour personne \u00e0 mobilit\u00e9 r\u00e9duite<\/li><li aria-level=\"1\">op\u00e9ration nettoyage des plages chaque ann\u00e9e<\/li><li aria-level=\"1\">installation d\u2019eau de source dans nos lodges<\/li><li aria-level=\"1\">r\u00e9cup\u00e9ration d\u2019eau de pluie pour les toilettes<\/li><li aria-level=\"1\">suppression des team buildings CO2 intensifs<\/li><\/ul><p><br \/>Revenez visiter cette page prochainement. On travaille d\u2019arrache-pied pour compl\u00e9ter cette liste d\u2019actions \u00e0 impact soci\u00e9tal et environnemental!<\/p>\t\t\t\t\t\t\t\t<\/div>\n\t\t\t\t<\/div>\n\t\t\t\t<\/div>\n\t\t\t\t\t<\/div>\n\t\t\t\t<\/div>\n\t\t<div class=\"elementor-element elementor-element-4ba86af e-flex e-con-boxed e-con e-parent\" data-id=\"4ba86af\" data-element_type=\"container\" data-e-type=\"container\" data-settings=\"{&quot;jet_parallax_layout_list&quot;:[]}\">\n\t\t\t\t\t<div class=\"e-con-inner\">\n\t\t<div class=\"elementor-element elementor-element-7aac856 e-con-full e-flex e-con e-child\" data-id=\"7aac856\" data-element_type=\"container\" data-e-type=\"container\" data-settings=\"{&quot;jet_parallax_layout_list&quot;:[]}\">\n\t\t\t\t<div class=\"elementor-element elementor-element-ac5f311 elementor-widget elementor-widget-image\" data-id=\"ac5f311\" data-element_type=\"widget\" data-e-type=\"widget\" data-widget_type=\"image.default\">\n\t\t\t\t<div class=\"elementor-widget-container\">\n\t\t\t\t\t\t\t\t\t\t\t\t\t\t\t<img loading=\"lazy\" decoding=\"async\" width=\"1536\" height=\"1024\" src=\"https:\/\/tero2.test.lumisys.eu\/wp-content\/uploads\/2023\/12\/Ferme-des-rabanisses-4-1536x1024-1.jpeg\" class=\"attachment-full size-full wp-image-1047\" alt=\"\" srcset=\"https:\/\/tero2.test.lumisys.eu\/wp-content\/uploads\/2023\/12\/Ferme-des-rabanisses-4-1536x1024-1.jpeg 1536w, https:\/\/tero2.test.lumisys.eu\/wp-content\/uploads\/2023\/12\/Ferme-des-rabanisses-4-1536x1024-1-300x200.jpeg 300w, https:\/\/tero2.test.lumisys.eu\/wp-content\/uploads\/2023\/12\/Ferme-des-rabanisses-4-1536x1024-1-1024x683.jpeg 1024w, https:\/\/tero2.test.lumisys.eu\/wp-content\/uploads\/2023\/12\/Ferme-des-rabanisses-4-1536x1024-1-768x512.jpeg 768w\" sizes=\"(max-width: 1536px) 100vw, 1536px\" \/>\t\t\t\t\t\t\t\t\t\t\t\t\t\t\t<\/div>\n\t\t\t\t<\/div>\n\t\t\t\t<\/div>\n\t\t<div class=\"elementor-element elementor-element-4142634 e-con-full e-flex e-con e-child\" data-id=\"4142634\" data-element_type=\"container\" data-e-type=\"container\" data-settings=\"{&quot;jet_parallax_layout_list&quot;:[]}\">\n\t\t\t\t<div class=\"elementor-element elementor-element-2764c4f elementor-widget elementor-widget-heading\" data-id=\"2764c4f\" data-element_type=\"widget\" data-e-type=\"widget\" data-widget_type=\"heading.default\">\n\t\t\t\t<div class=\"elementor-widget-container\">\n\t\t\t\t\t<h2 class=\"elementor-heading-title elementor-size-default\">En circuit court<\/h2>\t\t\t\t<\/div>\n\t\t\t\t<\/div>\n\t\t\t\t<div class=\"elementor-element elementor-element-b2ce5b9 elementor-widget elementor-widget-text-editor\" data-id=\"b2ce5b9\" data-element_type=\"widget\" data-e-type=\"widget\" data-widget_type=\"text-editor.default\">\n\t\t\t\t<div class=\"elementor-widget-container\">\n\t\t\t\t\t\t\t\t\t<p>Chez Tero, on adore quand des l\u00e9gumes \u00e0 peine r\u00e9colt\u00e9s finissent dans votre assiette. En collaboration avec la Ferme des Rabanisse et la Ferme Magerotte situ\u00e9e \u00e0 Rochefort, nous veillons \u00e0 cultiver des l\u00e9gumes bio et \u00e9lever notre propre \u00e9levage dans des p\u00e2turages naturels. Ce sont eux qui alimentent principalement nos restaurants.<\/p><p>Rien de mieux que de pouvoir vous garantir la provenance, la fra\u00eecheur et le go\u00fbt des ingr\u00e9dients que vous d\u00e9gustez chez nous.<\/p>\t\t\t\t\t\t\t\t<\/div>\n\t\t\t\t<\/div>\n\t\t\t\t<\/div>\n\t\t\t\t\t<\/div>\n\t\t\t\t<\/div>\n\t\t\t\t<\/div>\n\t\t","protected":false},"excerpt":{"rendered":"<p>Ambiances joyeuses, plaisirs au naturel C\u2019est l\u2019alliance de trois univers : les restaurants bistronomiques Tero, les g\u00eetes et activit\u00e9s hors du commun organis\u00e9es par Tero Team Building (ex-People First) et l\u2019ambiance festive du Knokke Out. Trois \u00e9nergies compl\u00e9mentaires, qui s\u2019accordent d\u00e9sormais sur des rythmes festifs et une attention port\u00e9e \u00e0 la durabilit\u00e9. Le rapprochement de [&hellip;]<\/p>\n","protected":false},"author":1,"featured_media":0,"parent":0,"menu_order":0,"comment_status":"closed","ping_status":"closed","template":"elementor_header_footer","meta":{"_mo_disable_npp":"","inline_featured_image":false,"footnotes":""},"categories":[],"tags":[],"class_list":["post-22","page","type-page","status-publish","hentry"],"_links":{"self":[{"href":"https:\/\/tero2.test.lumisys.eu\/fr\/wp-json\/wp\/v2\/pages\/22","targetHints":{"allow":["GET"]}}],"collection":[{"href":"https:\/\/tero2.test.lumisys.eu\/fr\/wp-json\/wp\/v2\/pages"}],"about":[{"href":"https:\/\/tero2.test.lumisys.eu\/fr\/wp-json\/wp\/v2\/types\/page"}],"author":[{"embeddable":true,"href":"https:\/\/tero2.test.lumisys.eu\/fr\/wp-json\/wp\/v2\/users\/1"}],"replies":[{"embeddable":true,"href":"https:\/\/tero2.test.lumisys.eu\/fr\/wp-json\/wp\/v2\/comments?post=22"}],"version-history":[{"count":86,"href":"https:\/\/tero2.test.lumisys.eu\/fr\/wp-json\/wp\/v2\/pages\/22\/revisions"}],"predecessor-version":[{"id":27793,"href":"https:\/\/tero2.test.lumisys.eu\/fr\/wp-json\/wp\/v2\/pages\/22\/revisions\/27793"}],"wp:attachment":[{"href":"https:\/\/tero2.test.lumisys.eu\/fr\/wp-json\/wp\/v2\/media?parent=22"}],"wp:term":[{"taxonomy":"category","embeddable":true,"href":"https:\/\/tero2.test.lumisys.eu\/fr\/wp-json\/wp\/v2\/categories?post=22"},{"taxonomy":"post_tag","embeddable":true,"href":"https:\/\/tero2.test.lumisys.eu\/fr\/wp-json\/wp\/v2\/tags?post=22"}],"curies":[{"name":"wp","href":"https:\/\/api.w.org\/{rel}","templated":true}]}}